{"id":14471,"date":"2023-08-10T11:21:26","date_gmt":"2023-08-10T15:21:26","guid":{"rendered":"https:\/\/interboisdev.effetmonstre.xyz\/carrieres\/"},"modified":"2024-06-19T14:09:25","modified_gmt":"2024-06-19T18:09:25","slug":"careers","status":"publish","type":"page","link":"https:\/\/interbois.ca\/en\/careers\/","title":{"rendered":"Careers"},"content":{"rendered":"<p>Interbois a \u00e9t\u00e9 fond\u00e9e avec comme objectif principal la cr\u00e9ation d\u2019emplois dans la r\u00e9gion et la cr\u00e9ation de richesse dans la communaut\u00e9.<\/p>\n<p>Depuis nos d\u00e9buts, nos gens sont au c\u0153ur de nos pr\u00e9occupations et de nos actions. Aujourd\u2019hui, c\u2019est pr\u00e8s de 125 employ\u00e9s de la Beauce, mais aussi de l\u2019Am\u00e9rique latine et du Maghreb qui forment notre \u00e2me et notre force collective.<\/p>\n<p>Chez-nous, tu trouveras ta place et tu contribueras en \u00e9quipe \u00e0 la r\u00e9ussite de l\u2019entreprise. R\u00e9ussite dont nous partageons les profits avec nos employ\u00e9s, car nous savons qu\u2019ils sont la raison principale de notre succ\u00e8s.<\/p>\n","protected":false},"excerpt":{"rendered":"<p>Interbois a \u00e9t\u00e9 fond\u00e9e avec comme objectif principal la cr\u00e9ation [&hellip;]<\/p>\n","protected":false},"author":6,"featured_media":4830,"parent":0,"menu_order":3,"comment_status":"closed","ping_status":"closed","template":"templates\/template-career.php","meta":{"_acf_changed":false,"footnotes":""},"class_list":["post-14471","page","type-page","status-publish","has-post-thumbnail","hentry"],"acf":[],"yoast_head":"<!-- This site is optimized with the Yoast SEO plugin v24.9 - https:\/\/yoast.com\/wordpress\/plugins\/seo\/ -->\n<title>Jobs in the wood industry | Interbois<\/title>\n<meta name=\"description\" content=\"Explore rewarding careers at Interbois. Join us for exceptional conditions and shape the future of wood with your talent!\" \/>\n<meta name=\"robots\" content=\"index, follow, max-snippet:-1, max-image-preview:large, max-video-preview:-1\" \/>\n<link rel=\"canonical\" href=\"https:\/\/interbois.ca\/en\/careers\/\" \/>\n<meta property=\"og:locale\" content=\"en_US\" \/>\n<meta property=\"og:type\" content=\"article\" \/>\n<meta property=\"og:title\" content=\"Jobs in the wood industry | Interbois\" \/>\n<meta property=\"og:description\" content=\"Explore rewarding careers at Interbois. Join us for exceptional conditions and shape the future of wood with your talent!\" \/>\n<meta property=\"og:url\" content=\"https:\/\/interbois.ca\/en\/careers\/\" \/>\n<meta property=\"og:site_name\" content=\"Interbois\" \/>\n<meta property=\"article:modified_time\" content=\"2024-06-19T18:09:25+00:00\" \/>\n<meta property=\"og:image\" content=\"https:\/\/interbois.ca\/app\/uploads\/2023\/10\/pexels-ivan-samkov-4491918-1.jpg\" \/>\n\t<meta property=\"og:image:width\" content=\"1370\" \/>\n\t<meta property=\"og:image:height\" content=\"723\" \/>\n\t<meta property=\"og:image:type\" content=\"image\/jpeg\" \/>\n<meta name=\"twitter:card\" content=\"summary_large_image\" \/>\n<meta name=\"twitter:label1\" content=\"Est. reading time\" \/>\n\t<meta name=\"twitter:data1\" content=\"1 minute\" \/>\n<script type=\"application\/ld+json\" class=\"yoast-schema-graph\">{\"@context\":\"https:\/\/schema.org\",\"@graph\":[{\"@type\":\"WebPage\",\"@id\":\"https:\/\/interbois.ca\/en\/careers\/\",\"url\":\"https:\/\/interbois.ca\/en\/careers\/\",\"name\":\"Jobs in the wood industry | Interbois\",\"isPartOf\":{\"@id\":\"https:\/\/interbois.ca\/en\/#website\"},\"primaryImageOfPage\":{\"@id\":\"https:\/\/interbois.ca\/en\/careers\/#primaryimage\"},\"image\":{\"@id\":\"https:\/\/interbois.ca\/en\/careers\/#primaryimage\"},\"thumbnailUrl\":\"https:\/\/interbois.ca\/app\/uploads\/2023\/10\/pexels-ivan-samkov-4491918-1.jpg\",\"datePublished\":\"2023-08-10T15:21:26+00:00\",\"dateModified\":\"2024-06-19T18:09:25+00:00\",\"description\":\"Explore rewarding careers at Interbois. Join us for exceptional conditions and shape the future of wood with your talent!\",\"breadcrumb\":{\"@id\":\"https:\/\/interbois.ca\/en\/careers\/#breadcrumb\"},\"inLanguage\":\"en-US\",\"potentialAction\":[{\"@type\":\"ReadAction\",\"target\":[\"https:\/\/interbois.ca\/en\/careers\/\"]}]},{\"@type\":\"ImageObject\",\"inLanguage\":\"en-US\",\"@id\":\"https:\/\/interbois.ca\/en\/careers\/#primaryimage\",\"url\":\"https:\/\/interbois.ca\/app\/uploads\/2023\/10\/pexels-ivan-samkov-4491918-1.jpg\",\"contentUrl\":\"https:\/\/interbois.ca\/app\/uploads\/2023\/10\/pexels-ivan-samkov-4491918-1.jpg\",\"width\":1370,\"height\":723},{\"@type\":\"BreadcrumbList\",\"@id\":\"https:\/\/interbois.ca\/en\/careers\/#breadcrumb\",\"itemListElement\":[{\"@type\":\"ListItem\",\"position\":1,\"name\":\"Home\",\"item\":\"https:\/\/interbois.ca\/en\/\"},{\"@type\":\"ListItem\",\"position\":2,\"name\":\"Careers\"}]},{\"@type\":\"WebSite\",\"@id\":\"https:\/\/interbois.ca\/en\/#website\",\"url\":\"https:\/\/interbois.ca\/en\/\",\"name\":\"Fabricant de composantes en bois | Interbois\",\"description\":\"La finition int\u00e9rieur s&#039;\u00e9clate\",\"publisher\":{\"@id\":\"https:\/\/interbois.ca\/en\/#organization\"},\"potentialAction\":[{\"@type\":\"SearchAction\",\"target\":{\"@type\":\"EntryPoint\",\"urlTemplate\":\"https:\/\/interbois.ca\/en\/?s={search_term_string}\"},\"query-input\":{\"@type\":\"PropertyValueSpecification\",\"valueRequired\":true,\"valueName\":\"search_term_string\"}}],\"inLanguage\":\"en-US\"},{\"@type\":\"Organization\",\"@id\":\"https:\/\/interbois.ca\/en\/#organization\",\"name\":\"Interbois\",\"url\":\"https:\/\/interbois.ca\/en\/\",\"logo\":{\"@type\":\"ImageObject\",\"inLanguage\":\"en-US\",\"@id\":\"https:\/\/interbois.ca\/en\/#\/schema\/logo\/image\/\",\"url\":\"https:\/\/interbois.ca\/app\/uploads\/2023\/09\/cropped-logo-interbois2.png\",\"contentUrl\":\"https:\/\/interbois.ca\/app\/uploads\/2023\/09\/cropped-logo-interbois2.png\",\"width\":350,\"height\":70,\"caption\":\"Interbois\"},\"image\":{\"@id\":\"https:\/\/interbois.ca\/en\/#\/schema\/logo\/image\/\"}}]}<\/script>\n<!-- \/ Yoast SEO plugin. -->","yoast_head_json":{"title":"Jobs in the wood industry | Interbois","description":"Explore rewarding careers at Interbois. Join us for exceptional conditions and shape the future of wood with your talent!","robots":{"index":"index","follow":"follow","max-snippet":"max-snippet:-1","max-image-preview":"max-image-preview:large","max-video-preview":"max-video-preview:-1"},"canonical":"https:\/\/interbois.ca\/en\/careers\/","og_locale":"en_US","og_type":"article","og_title":"Jobs in the wood industry | Interbois","og_description":"Explore rewarding careers at Interbois. Join us for exceptional conditions and shape the future of wood with your talent!","og_url":"https:\/\/interbois.ca\/en\/careers\/","og_site_name":"Interbois","article_modified_time":"2024-06-19T18:09:25+00:00","og_image":[{"width":1370,"height":723,"url":"https:\/\/interbois.ca\/app\/uploads\/2023\/10\/pexels-ivan-samkov-4491918-1.jpg","type":"image\/jpeg"}],"twitter_card":"summary_large_image","twitter_misc":{"Est. reading time":"1 minute"},"schema":{"@context":"https:\/\/schema.org","@graph":[{"@type":"WebPage","@id":"https:\/\/interbois.ca\/en\/careers\/","url":"https:\/\/interbois.ca\/en\/careers\/","name":"Jobs in the wood industry | Interbois","isPartOf":{"@id":"https:\/\/interbois.ca\/en\/#website"},"primaryImageOfPage":{"@id":"https:\/\/interbois.ca\/en\/careers\/#primaryimage"},"image":{"@id":"https:\/\/interbois.ca\/en\/careers\/#primaryimage"},"thumbnailUrl":"https:\/\/interbois.ca\/app\/uploads\/2023\/10\/pexels-ivan-samkov-4491918-1.jpg","datePublished":"2023-08-10T15:21:26+00:00","dateModified":"2024-06-19T18:09:25+00:00","description":"Explore rewarding careers at Interbois. Join us for exceptional conditions and shape the future of wood with your talent!","breadcrumb":{"@id":"https:\/\/interbois.ca\/en\/careers\/#breadcrumb"},"inLanguage":"en-US","potentialAction":[{"@type":"ReadAction","target":["https:\/\/interbois.ca\/en\/careers\/"]}]},{"@type":"ImageObject","inLanguage":"en-US","@id":"https:\/\/interbois.ca\/en\/careers\/#primaryimage","url":"https:\/\/interbois.ca\/app\/uploads\/2023\/10\/pexels-ivan-samkov-4491918-1.jpg","contentUrl":"https:\/\/interbois.ca\/app\/uploads\/2023\/10\/pexels-ivan-samkov-4491918-1.jpg","width":1370,"height":723},{"@type":"BreadcrumbList","@id":"https:\/\/interbois.ca\/en\/careers\/#breadcrumb","itemListElement":[{"@type":"ListItem","position":1,"name":"Home","item":"https:\/\/interbois.ca\/en\/"},{"@type":"ListItem","position":2,"name":"Careers"}]},{"@type":"WebSite","@id":"https:\/\/interbois.ca\/en\/#website","url":"https:\/\/interbois.ca\/en\/","name":"Fabricant de composantes en bois | Interbois","description":"La finition int\u00e9rieur s&#039;\u00e9clate","publisher":{"@id":"https:\/\/interbois.ca\/en\/#organization"},"potentialAction":[{"@type":"SearchAction","target":{"@type":"EntryPoint","urlTemplate":"https:\/\/interbois.ca\/en\/?s={search_term_string}"},"query-input":{"@type":"PropertyValueSpecification","valueRequired":true,"valueName":"search_term_string"}}],"inLanguage":"en-US"},{"@type":"Organization","@id":"https:\/\/interbois.ca\/en\/#organization","name":"Interbois","url":"https:\/\/interbois.ca\/en\/","logo":{"@type":"ImageObject","inLanguage":"en-US","@id":"https:\/\/interbois.ca\/en\/#\/schema\/logo\/image\/","url":"https:\/\/interbois.ca\/app\/uploads\/2023\/09\/cropped-logo-interbois2.png","contentUrl":"https:\/\/interbois.ca\/app\/uploads\/2023\/09\/cropped-logo-interbois2.png","width":350,"height":70,"caption":"Interbois"},"image":{"@id":"https:\/\/interbois.ca\/en\/#\/schema\/logo\/image\/"}}]}},"_links":{"self":[{"href":"https:\/\/interbois.ca\/en\/wp-json\/wp\/v2\/pages\/14471","targetHints":{"allow":["GET"]}}],"collection":[{"href":"https:\/\/interbois.ca\/en\/wp-json\/wp\/v2\/pages"}],"about":[{"href":"https:\/\/interbois.ca\/en\/wp-json\/wp\/v2\/types\/page"}],"author":[{"embeddable":true,"href":"https:\/\/interbois.ca\/en\/wp-json\/wp\/v2\/users\/6"}],"replies":[{"embeddable":true,"href":"https:\/\/interbois.ca\/en\/wp-json\/wp\/v2\/comments?post=14471"}],"version-history":[{"count":21,"href":"https:\/\/interbois.ca\/en\/wp-json\/wp\/v2\/pages\/14471\/revisions"}],"predecessor-version":[{"id":19871,"href":"https:\/\/interbois.ca\/en\/wp-json\/wp\/v2\/pages\/14471\/revisions\/19871"}],"wp:featuredmedia":[{"embeddable":true,"href":"https:\/\/interbois.ca\/en\/wp-json\/wp\/v2\/media\/4830"}],"wp:attachment":[{"href":"https:\/\/interbois.ca\/en\/wp-json\/wp\/v2\/media?parent=14471"}],"curies":[{"name":"wp","href":"https:\/\/api.w.org\/{rel}","templated":true}]}}